{"id":22819,"date":"2021-10-30T10:57:08","date_gmt":"2021-10-30T08:57:09","guid":{"rendered":"https:\/\/weldco.de\/?post_type=product&#038;p=22819"},"modified":"2022-09-27T12:35:38","modified_gmt":"2022-09-27T10:35:38","slug":"walnut-01-wall-mirror","status":"publish","type":"product","link":"https:\/\/weldco.de\/en\/produkt\/walnut-01-wall-mirror\/","title":{"rendered":"Walnut 01 Wall Mirror"},"content":{"rendered":"<div class=\"su-row\"><div class=\"su-column su-column-size-2-3\"><div class=\"su-column-inner su-u-clearfix su-u-trim\">\n<p>In the Walnut 01 Wall Mirror by weld &amp; co, form and function are united in perfect harmony. The round mirror is inserted in a slot in the solid, oiled walnut shelf so it appears to float and does not require additional fastening. The juxtaposition of the wood ledge and the mirror creates an eye-catching piece.<\/p>\n<p>Whether in the hall or entryway, living room or bedroom, this mirror and shelf add a distinctive note. Depending on how the mirror is positioned in the room, the reflected image opens up new visual perspectives and creates inspiring reflections and spatial depth. A picture slot has been cut lengthwise along the walnut wood shelf, a useful detail that turns the Walnut 01 Wall Mirror into a picture ledge with an integrated mirror.<br \/>\nThe mirror and its shelf can fulfill many useful functions in your bedroom or dressing room: a wall mirror, a handy shelf \u2013 and photos and small prints can be placed in the lengthwise groove. The Walnut 01 Wall Mirror also lends a decorative and practical touch to your bathroom or powder room.<\/p>\n<p>The Walnut 01 Wall Mirror comes in two versions: The slot for inserting the round mirror is positioned on either the left side or the right side of the wooden shelf.<\/p>\n<p>The shelf of walnut wood is 100 cm long and is mounted on the wall using two screws. The mirror has a diameter of 50 cm and is inserted in the slot provided for it.<\/p>\n<p>For additional information on hanging the shelf, please see the <a href=\"https:\/\/weldco.de\/wp-content\/uploads\/2021\/11\/weld_co_01_Wall_Mirror_Mounting_instruction.pdf\" target=\"_blank\" rel=\"noopener\">mounting instructions<\/a>.<\/p>\n<p>Do you have questions about our Walnut 01 Wall Mirror? Then please check our <a href=\"https:\/\/weldco.de\/en\/service\/faq\/\" target=\"_blank\" rel=\"noopener\">FAQ<\/a> or <a href=\"https:\/\/weldco.de\/en\/contact\/\" target=\"_blank\" rel=\"noopener\">contact us<\/a> directly. <\/div><\/div> <div class=\"su-column su-column-size-1-3\"><div class=\"su-column-inner su-u-clearfix su-u-trim\">\n<div class=\"woocommerce-product-details__short-description\">\n<p><strong>Material:<\/strong><br \/>\nOiled walnut,<br \/>\nMirror<\/p>\n<p><strong>Dimensions:<\/strong><br \/>\n100 \u00d7 7,5 \u00d7 4 cm, Mirror \u00d8 50 cm<\/p>\n<p><strong>Purchase includes:<\/strong><br \/>\nWall Mirror (Shelf, Mirror),<br \/>\nmounting hardware<\/p>\n<\/div>\n<\/div><\/div><\/div>\n<h2 style=\"text-align: center;\">Mounting &amp; assembly<\/h2>\n<p><span lang=\"EN-US\">Every weld &amp; co home accessory or piece of furniture that has to be assembled or mounted comes with the necessary materials and instructions. <\/span><span lang=\"EN-US\">If you have any questions about mounting or if any questions arise in the process, please contact our technical support team at +49(0)5731 4962902 or by <a href=\"mailto:post@weldco.de\">email<\/a>.<\/span><\/p>\n<h2 style=\"text-align: center;\">Care instructions<\/h2>\n<p>All our surfaces are extremely easy to maintain and do not require any special care.<br \/>\nFor cleaning, please use a feather duster or a soft, slightly damp cloth. If at all necessary, please use mild cleaning agents. Please do not use harsh cleaners, abrasive cleaners or cleaners containing solvents. They will attack the surfaces and do more damage than good.<br \/>\nPlease be sure to remove wet stains (for example, water, juice, wine) on wood surfaces as quickly as possible. Strongly staining stains (such as stains of fruits, tea, coffee and red wine) must be removed immediately from all surfaces.<\/p>\n<h2 style=\"text-align: center;\">Frequently Asked Questions (FAQ)<\/h2>\n<p style=\"text-align: center;\"><div class=\"su-accordion su-u-trim\"><div class=\"su-spoiler su-spoiler-style-default su-spoiler-icon-chevron su-spoiler-closed\" data-scroll-offset=\"0\" data-anchor-in-url=\"no\"><div class=\"su-spoiler-title\" tabindex=\"0\" role=\"button\"><span class=\"su-spoiler-icon\"><\/span>How many kilograms does the Walnut 01 Wall Mirror support?<\/div><div class=\"su-spoiler-content su-u-clearfix su-u-trim\">With a stable wall mounting and professional assembly, the wall mirror can be loaded with up to 20 kg.<\/div><\/div><div class=\"su-spoiler su-spoiler-style-default su-spoiler-icon-chevron su-spoiler-closed\" data-scroll-offset=\"0\" data-anchor-in-url=\"no\"><div class=\"su-spoiler-title\" tabindex=\"0\" role=\"button\"><span class=\"su-spoiler-icon\"><\/span>Is the Walnut 01 Wall Mirror also suitable for the bathroom?<\/div><div class=\"su-spoiler-content su-u-clearfix su-u-trim\">As a general rule, wood does not belong in the wet room and water should not be allowed to stand permanently on wooden surfaces. However, the increased humidity after showering and bathing does not pose a risk to solid wood. The surfaces of furniture and home accessories made of oak and walnut from weld &amp; co are oiled. Thus, the wood is protected without losing naturalness. On request and for specific applications, we also offer lacquering.<\/div><\/div><div class=\"su-spoiler su-spoiler-style-default su-spoiler-icon-chevron su-spoiler-closed\" data-scroll-offset=\"0\" data-anchor-in-url=\"no\"><div class=\"su-spoiler-title\" tabindex=\"0\" role=\"button\"><span class=\"su-spoiler-icon\"><\/span>How do I attach the Walnut 01 Wall Mirror?<\/div><div class=\"su-spoiler-content su-u-clearfix su-u-trim\">The Walnut 01 Wall mirror is attached to masonry walls (made of stone, concrete blocks, etc.) with two wall anchors and two screws. When mounting to lightweight walls (include drywall, sheet rock, gypsum board, and wood and wood-based panels), wall anchors are usually not necessary. Wall anchors, screws, and <a href=\"https:\/\/weldco.de\/wp-content\/uploads\/2021\/11\/weld_co_01_Wall_Mirror_Mounting_instruction.pdf\" target=\"_blank\" rel=\"noopener\">detailed mounting instructions<\/a> are included with each wall mirror. If you have any questions about mounting or if any questions arise in the process, please contact our technical support team at +49(0)5731 4962902.<\/div><\/div> <div class=\"su-spoiler su-spoiler-style-default su-spoiler-icon-chevron su-spoiler-closed\" data-scroll-offset=\"0\" data-anchor-in-url=\"no\"><div class=\"su-spoiler-title\" tabindex=\"0\" role=\"button\"><span class=\"su-spoiler-icon\"><\/span>What tools do I need to mount a wall mirror from the Walnut collection of weld &amp; co?<\/div><div class=\"su-spoiler-content su-u-clearfix su-u-trim\">Please have the following tools ready for the mounting at a <strong>masonry wall<\/strong>:<br \/>\n&#8211; Spirit level<br \/>\n&#8211; pencil<br \/>\n&#8211; drill\/accumulator screwdriver for stone\/concrete walls<br \/>\n&#8211; 6 mm drill bit (Attention: Choose a drill bit that matches the wall material!)<br \/>\n&#8211; hammer<br \/>\n&#8211; Phillips screwdriver<\/p>\n<p>Tip: Mount the wall mirror with the help of a second person.<\/p>\n<p>Please have the following tools ready for the mounting at a <strong>lightweight wall<\/strong>:<br \/>\n&#8211; Spirit level<br \/>\n&#8211; pencil<br \/>\n&#8211; optional: drill\/accumulator screwdriver<\/p>\n<p>Tip: Mount the wall mirror with the help of a second person.<\/p>\n<p><a href=\"https:\/\/weldco.de\/wp-content\/uploads\/2021\/11\/weld_co_01_Wall_Mirror_Mounting_instruction.pdf\" target=\"_blank\" rel=\"noopener\">Detailed mounting instructions<\/a> are included with each wall mirror. <\/div><\/div><div class=\"su-spoiler su-spoiler-style-default su-spoiler-icon-chevron su-spoiler-closed\" data-scroll-offset=\"0\" data-anchor-in-url=\"no\"><div class=\"su-spoiler-title\" tabindex=\"0\" role=\"button\"><span class=\"su-spoiler-icon\"><\/span>What size of picture frames fit on the Walnut 01 Wall mirror?<\/div><div class=\"su-spoiler-content su-u-clearfix su-u-trim\">The space for prints, pictures and frames is about 7.5 cm deep. Please keep this dimension in mind when planning your personal gallery, so that your frames stand in a stable position on the wall mirror.<br \/>\nTip: Take the largest and thickest frame you want to place on the wall mirror and walk to a wall. Place the frame on the floor and lean it against the wall. Push the picture frame up against the wall as steeply as you can. When you have found the point where the frame will not tilt, use a folding rule to measure the distance from the wall to the front edge of the frame (note: measure baseboard as well, if necessary). The result indicates the minimum depth required on the wall mirror.<\/div><\/div><div class=\"su-spoiler su-spoiler-style-default su-spoiler-icon-chevron su-spoiler-closed\" data-scroll-offset=\"0\" data-anchor-in-url=\"no\"><div class=\"su-spoiler-title\" tabindex=\"0\" role=\"button\"><span class=\"su-spoiler-icon\"><\/span>I have moved and the mirror has been broken in the process. Is it possible to get a new mirror?<\/div><div class=\"su-spoiler-content su-u-clearfix su-u-trim\">Yes, if the mirror is defective, we will be happy to send you a new one. Please contact us by <a href=\"mailto:post@weldco.de\">e-mail<\/a> or at +49 (0)5731 4962902.<\/div><\/div><div class=\"su-spoiler su-spoiler-style-default su-spoiler-icon-chevron su-spoiler-closed\" data-scroll-offset=\"0\" data-anchor-in-url=\"no\"><div class=\"su-spoiler-title\" tabindex=\"0\" role=\"button\"><span class=\"su-spoiler-icon\"><\/span>What are the dimensions of the wooden shelf of the Walnut 01 Wall Mirror?<\/div><div class=\"su-spoiler-content su-u-clearfix su-u-trim\">The walnut picture ledge is 100 cm long, 7.5 cm deep and 4 cm thick.<\/div><\/div><div class=\"su-spoiler su-spoiler-style-default su-spoiler-icon-chevron su-spoiler-closed\" data-scroll-offset=\"0\" data-anchor-in-url=\"no\"><div class=\"su-spoiler-title\" tabindex=\"0\" role=\"button\"><span class=\"su-spoiler-icon\"><\/span>Can I order a weld &amp; co Walnut 01 Wall Mirror with my own choice of dimensions?<\/div><div class=\"su-spoiler-content su-u-clearfix su-u-trim\">We are happy to manufacture custom Walnut Wall Mirror for you. Please contact us by email or at +49 (0)5731 4962920 or use our<a href=\"https:\/\/weldco.de\/en\/service\/planning-customization\/\" target=\"_blank\" rel=\"noopener\"> form for customized production<\/a>.<\/div><\/div><\/div>\n","protected":false},"excerpt":{"rendered":"<p>Mounting &amp; assembly Every weld &amp; co home accessory or piece of furniture that has to be assembled or mounted comes with<\/p>\n","protected":false},"featured_media":22913,"template":"","meta":[],"product_brand":[],"product_cat":[189,190,198,213,218,220,188,191,291,310],"product_tag":[],"class_list":{"0":"post-22819","1":"product","2":"type-product","3":"status-publish","4":"has-post-thumbnail","6":"product_cat-bilderleisten","7":"product_cat-bilderleisten-en","8":"product_cat-holz","9":"product_cat-holz-en","10":"product_cat-kollektion-nussbaum","11":"product_cat-kollektion-nussbaum-en","12":"product_cat-wandregale","13":"product_cat-wandregale-en","14":"product_cat-wandspiegel","15":"product_cat-wandspiegel-en","17":"first","18":"instock","19":"taxable","20":"shipping-taxable","21":"purchasable","22":"product-type-variable"},"yoast_head":"<!-- This site is optimized with the Yoast SEO plugin v27.3 - https:\/\/yoast.com\/product\/yoast-seo-wordpress\/ -->\n<title>Walnut 01 Wall Mirror - weld &amp; co<\/title>\n<meta name=\"description\" content=\"In the Walnut 01 Wall Mirror by weld &amp; co, form and function are united in perfect harmony. A shelf of walnut wood holds floating the round mirror.\" \/>\n<meta name=\"robots\" content=\"index, follow, max-snippet:-1, max-image-preview:large, max-video-preview:-1\" \/>\n<link rel=\"canonical\" href=\"https:\/\/weldco.de\/en\/produkt\/walnut-01-wall-mirror\/\" \/>\n<meta property=\"og:locale\" content=\"en_US\" \/>\n<meta property=\"og:type\" content=\"article\" \/>\n<meta property=\"og:title\" content=\"Walnut 01 Wall Mirror - weld &amp; co\" \/>\n<meta property=\"og:description\" content=\"In the Walnut 01 Wall Mirror by weld &amp; co, form and function are united in perfect harmony. A shelf of walnut wood holds floating the round mirror.\" \/>\n<meta property=\"og:url\" content=\"https:\/\/weldco.de\/en\/produkt\/walnut-01-wall-mirror\/\" \/>\n<meta property=\"og:site_name\" content=\"weld &amp; co\" \/>\n<meta property=\"article:modified_time\" content=\"2022-09-27T10:35:38+00:00\" \/>\n<meta property=\"og:image\" content=\"https:\/\/weldco.de\/wp-content\/uploads\/2021\/10\/weld_co_nussbaum_wandspiegel_01_wsn01_mood01_q-1024x1024.jpg\" \/>\n\t<meta property=\"og:image:width\" content=\"1024\" \/>\n\t<meta property=\"og:image:height\" content=\"1024\" \/>\n\t<meta property=\"og:image:type\" content=\"image\/jpeg\" \/>\n<meta name=\"twitter:card\" content=\"summary_large_image\" \/>\n<meta name=\"twitter:label1\" content=\"Est. reading time\" \/>\n\t<meta name=\"twitter:data1\" content=\"7 minutes\" \/>\n<script type=\"application\/ld+json\" class=\"yoast-schema-graph\">{\"@context\":\"https:\\\/\\\/schema.org\",\"@graph\":[{\"@type\":\"WebPage\",\"@id\":\"https:\\\/\\\/weldco.de\\\/en\\\/produkt\\\/walnut-01-wall-mirror\\\/\",\"url\":\"https:\\\/\\\/weldco.de\\\/en\\\/produkt\\\/walnut-01-wall-mirror\\\/\",\"name\":\"Walnut 01 Wall Mirror - weld &amp; co\",\"isPartOf\":{\"@id\":\"https:\\\/\\\/weldco.de\\\/en\\\/#website\"},\"primaryImageOfPage\":{\"@id\":\"https:\\\/\\\/weldco.de\\\/en\\\/produkt\\\/walnut-01-wall-mirror\\\/#primaryimage\"},\"image\":{\"@id\":\"https:\\\/\\\/weldco.de\\\/en\\\/produkt\\\/walnut-01-wall-mirror\\\/#primaryimage\"},\"thumbnailUrl\":\"https:\\\/\\\/weldco.de\\\/wp-content\\\/uploads\\\/2021\\\/10\\\/weld_co_nussbaum_wandspiegel_01_wsn01_mood01_q.jpg\",\"datePublished\":\"2021-10-30T08:57:09+00:00\",\"dateModified\":\"2022-09-27T10:35:38+00:00\",\"description\":\"In the Walnut 01 Wall Mirror by weld & co, form and function are united in perfect harmony. A shelf of walnut wood holds floating the round mirror.\",\"breadcrumb\":{\"@id\":\"https:\\\/\\\/weldco.de\\\/en\\\/produkt\\\/walnut-01-wall-mirror\\\/#breadcrumb\"},\"inLanguage\":\"en-US\",\"potentialAction\":[{\"@type\":\"ReadAction\",\"target\":[\"https:\\\/\\\/weldco.de\\\/en\\\/produkt\\\/walnut-01-wall-mirror\\\/\"]}]},{\"@type\":\"ImageObject\",\"inLanguage\":\"en-US\",\"@id\":\"https:\\\/\\\/weldco.de\\\/en\\\/produkt\\\/walnut-01-wall-mirror\\\/#primaryimage\",\"url\":\"https:\\\/\\\/weldco.de\\\/wp-content\\\/uploads\\\/2021\\\/10\\\/weld_co_nussbaum_wandspiegel_01_wsn01_mood01_q.jpg\",\"contentUrl\":\"https:\\\/\\\/weldco.de\\\/wp-content\\\/uploads\\\/2021\\\/10\\\/weld_co_nussbaum_wandspiegel_01_wsn01_mood01_q.jpg\",\"width\":2500,\"height\":2500,\"caption\":\"weld &amp; co - Nussbaum - Wandspiegel 01 - WSN01 - Mood 01\"},{\"@type\":\"BreadcrumbList\",\"@id\":\"https:\\\/\\\/weldco.de\\\/en\\\/produkt\\\/walnut-01-wall-mirror\\\/#breadcrumb\",\"itemListElement\":[{\"@type\":\"ListItem\",\"position\":1,\"name\":\"Startseite\",\"item\":\"https:\\\/\\\/weldco.de\\\/en\\\/\"},{\"@type\":\"ListItem\",\"position\":2,\"name\":\"Shop\",\"item\":\"https:\\\/\\\/weldco.de\\\/en\\\/?page_id=15194\"},{\"@type\":\"ListItem\",\"position\":3,\"name\":\"Wandspiegel\",\"item\":\"https:\\\/\\\/weldco.de\\\/en\\\/produkt-kategorie\\\/wandspiegel-en\\\/\"},{\"@type\":\"ListItem\",\"position\":4,\"name\":\"Walnut 01 Wall Mirror\"}]},{\"@type\":\"WebSite\",\"@id\":\"https:\\\/\\\/weldco.de\\\/en\\\/#website\",\"url\":\"https:\\\/\\\/weldco.de\\\/en\\\/\",\"name\":\"weld &amp; co\",\"description\":\"\",\"publisher\":{\"@id\":\"https:\\\/\\\/weldco.de\\\/en\\\/#organization\"},\"potentialAction\":[{\"@type\":\"SearchAction\",\"target\":{\"@type\":\"EntryPoint\",\"urlTemplate\":\"https:\\\/\\\/weldco.de\\\/en\\\/?s={search_term_string}\"},\"query-input\":{\"@type\":\"PropertyValueSpecification\",\"valueRequired\":true,\"valueName\":\"search_term_string\"}}],\"inLanguage\":\"en-US\"},{\"@type\":\"Organization\",\"@id\":\"https:\\\/\\\/weldco.de\\\/en\\\/#organization\",\"name\":\"weld & co\",\"url\":\"https:\\\/\\\/weldco.de\\\/en\\\/\",\"logo\":{\"@type\":\"ImageObject\",\"inLanguage\":\"en-US\",\"@id\":\"https:\\\/\\\/weldco.de\\\/en\\\/#\\\/schema\\\/logo\\\/image\\\/\",\"url\":\"https:\\\/\\\/weldco.de\\\/wp-content\\\/uploads\\\/2020\\\/09\\\/weldco_gesamt_transparent_black.png\",\"contentUrl\":\"https:\\\/\\\/weldco.de\\\/wp-content\\\/uploads\\\/2020\\\/09\\\/weldco_gesamt_transparent_black.png\",\"width\":1280,\"height\":267,\"caption\":\"weld & co\"},\"image\":{\"@id\":\"https:\\\/\\\/weldco.de\\\/en\\\/#\\\/schema\\\/logo\\\/image\\\/\"}}]}<\/script>\n<!-- \/ Yoast SEO plugin. -->","yoast_head_json":{"title":"Walnut 01 Wall Mirror - weld &amp; co","description":"In the Walnut 01 Wall Mirror by weld & co, form and function are united in perfect harmony. A shelf of walnut wood holds floating the round mirror.","robots":{"index":"index","follow":"follow","max-snippet":"max-snippet:-1","max-image-preview":"max-image-preview:large","max-video-preview":"max-video-preview:-1"},"canonical":"https:\/\/weldco.de\/en\/produkt\/walnut-01-wall-mirror\/","og_locale":"en_US","og_type":"article","og_title":"Walnut 01 Wall Mirror - weld &amp; co","og_description":"In the Walnut 01 Wall Mirror by weld & co, form and function are united in perfect harmony. A shelf of walnut wood holds floating the round mirror.","og_url":"https:\/\/weldco.de\/en\/produkt\/walnut-01-wall-mirror\/","og_site_name":"weld &amp; co","article_modified_time":"2022-09-27T10:35:38+00:00","og_image":[{"width":1024,"height":1024,"url":"https:\/\/weldco.de\/wp-content\/uploads\/2021\/10\/weld_co_nussbaum_wandspiegel_01_wsn01_mood01_q-1024x1024.jpg","type":"image\/jpeg"}],"twitter_card":"summary_large_image","twitter_misc":{"Est. reading time":"7 minutes"},"schema":{"@context":"https:\/\/schema.org","@graph":[{"@type":"WebPage","@id":"https:\/\/weldco.de\/en\/produkt\/walnut-01-wall-mirror\/","url":"https:\/\/weldco.de\/en\/produkt\/walnut-01-wall-mirror\/","name":"Walnut 01 Wall Mirror - weld &amp; co","isPartOf":{"@id":"https:\/\/weldco.de\/en\/#website"},"primaryImageOfPage":{"@id":"https:\/\/weldco.de\/en\/produkt\/walnut-01-wall-mirror\/#primaryimage"},"image":{"@id":"https:\/\/weldco.de\/en\/produkt\/walnut-01-wall-mirror\/#primaryimage"},"thumbnailUrl":"https:\/\/weldco.de\/wp-content\/uploads\/2021\/10\/weld_co_nussbaum_wandspiegel_01_wsn01_mood01_q.jpg","datePublished":"2021-10-30T08:57:09+00:00","dateModified":"2022-09-27T10:35:38+00:00","description":"In the Walnut 01 Wall Mirror by weld & co, form and function are united in perfect harmony. A shelf of walnut wood holds floating the round mirror.","breadcrumb":{"@id":"https:\/\/weldco.de\/en\/produkt\/walnut-01-wall-mirror\/#breadcrumb"},"inLanguage":"en-US","potentialAction":[{"@type":"ReadAction","target":["https:\/\/weldco.de\/en\/produkt\/walnut-01-wall-mirror\/"]}]},{"@type":"ImageObject","inLanguage":"en-US","@id":"https:\/\/weldco.de\/en\/produkt\/walnut-01-wall-mirror\/#primaryimage","url":"https:\/\/weldco.de\/wp-content\/uploads\/2021\/10\/weld_co_nussbaum_wandspiegel_01_wsn01_mood01_q.jpg","contentUrl":"https:\/\/weldco.de\/wp-content\/uploads\/2021\/10\/weld_co_nussbaum_wandspiegel_01_wsn01_mood01_q.jpg","width":2500,"height":2500,"caption":"weld &amp; co - Nussbaum - Wandspiegel 01 - WSN01 - Mood 01"},{"@type":"BreadcrumbList","@id":"https:\/\/weldco.de\/en\/produkt\/walnut-01-wall-mirror\/#breadcrumb","itemListElement":[{"@type":"ListItem","position":1,"name":"Startseite","item":"https:\/\/weldco.de\/en\/"},{"@type":"ListItem","position":2,"name":"Shop","item":"https:\/\/weldco.de\/en\/?page_id=15194"},{"@type":"ListItem","position":3,"name":"Wandspiegel","item":"https:\/\/weldco.de\/en\/produkt-kategorie\/wandspiegel-en\/"},{"@type":"ListItem","position":4,"name":"Walnut 01 Wall Mirror"}]},{"@type":"WebSite","@id":"https:\/\/weldco.de\/en\/#website","url":"https:\/\/weldco.de\/en\/","name":"weld &amp; co","description":"","publisher":{"@id":"https:\/\/weldco.de\/en\/#organization"},"potentialAction":[{"@type":"SearchAction","target":{"@type":"EntryPoint","urlTemplate":"https:\/\/weldco.de\/en\/?s={search_term_string}"},"query-input":{"@type":"PropertyValueSpecification","valueRequired":true,"valueName":"search_term_string"}}],"inLanguage":"en-US"},{"@type":"Organization","@id":"https:\/\/weldco.de\/en\/#organization","name":"weld & co","url":"https:\/\/weldco.de\/en\/","logo":{"@type":"ImageObject","inLanguage":"en-US","@id":"https:\/\/weldco.de\/en\/#\/schema\/logo\/image\/","url":"https:\/\/weldco.de\/wp-content\/uploads\/2020\/09\/weldco_gesamt_transparent_black.png","contentUrl":"https:\/\/weldco.de\/wp-content\/uploads\/2020\/09\/weldco_gesamt_transparent_black.png","width":1280,"height":267,"caption":"weld & co"},"image":{"@id":"https:\/\/weldco.de\/en\/#\/schema\/logo\/image\/"}}]}},"_links":{"self":[{"href":"https:\/\/weldco.de\/en\/wp-json\/wp\/v2\/product\/22819","targetHints":{"allow":["GET"]}}],"collection":[{"href":"https:\/\/weldco.de\/en\/wp-json\/wp\/v2\/product"}],"about":[{"href":"https:\/\/weldco.de\/en\/wp-json\/wp\/v2\/types\/product"}],"wp:featuredmedia":[{"embeddable":true,"href":"https:\/\/weldco.de\/en\/wp-json\/wp\/v2\/media\/22913"}],"wp:attachment":[{"href":"https:\/\/weldco.de\/en\/wp-json\/wp\/v2\/media?parent=22819"}],"wp:term":[{"taxonomy":"product_brand","embeddable":true,"href":"https:\/\/weldco.de\/en\/wp-json\/wp\/v2\/product_brand?post=22819"},{"taxonomy":"product_cat","embeddable":true,"href":"https:\/\/weldco.de\/en\/wp-json\/wp\/v2\/product_cat?post=22819"},{"taxonomy":"product_tag","embeddable":true,"href":"https:\/\/weldco.de\/en\/wp-json\/wp\/v2\/product_tag?post=22819"}],"curies":[{"name":"wp","href":"https:\/\/api.w.org\/{rel}","templated":true}]}}